{"id":286,"date":"2023-01-26T23:09:48","date_gmt":"2023-01-26T22:09:48","guid":{"rendered":"http:\/\/lr-avocats.com\/?page_id=286"},"modified":"2023-01-30T08:39:45","modified_gmt":"2023-01-30T07:39:45","slug":"domaines-dintervention","status":"publish","type":"page","link":"https:\/\/lr-avocats.com\/index.php\/domaines-dintervention\/","title":{"rendered":"Domaines d&rsquo;intervention"},"content":{"rendered":"\n<h5 class=\"wp-block-heading\">Domaines d&rsquo;intervention de Me LIVENAIS<\/h5>\n\n\n\n<div class=\"wp-block-columns is-layout-flex wp-container-core-columns-is-layout-9d6595d7 wp-block-columns-is-layout-flex\">\n<div class=\"wp-block-column is-layout-flow wp-block-column-is-layout-flow\" style=\"flex-basis:33.33%\">\n<figure class=\"wp-block-image size-large\"><img loading=\"lazy\" decoding=\"async\" width=\"683\" height=\"1024\" src=\"http:\/\/lr-avocats.com\/wp-content\/uploads\/2023\/01\/LR-avocats-77-683x1024.jpeg\" alt=\"\" class=\"wp-image-314\" srcset=\"https:\/\/lr-avocats.com\/wp-content\/uploads\/2023\/01\/LR-avocats-77-683x1024.jpeg 683w, https:\/\/lr-avocats.com\/wp-content\/uploads\/2023\/01\/LR-avocats-77-200x300.jpeg 200w, https:\/\/lr-avocats.com\/wp-content\/uploads\/2023\/01\/LR-avocats-77-768x1152.jpeg 768w, https:\/\/lr-avocats.com\/wp-content\/uploads\/2023\/01\/LR-avocats-77-1024x1536.jpeg 1024w, https:\/\/lr-avocats.com\/wp-content\/uploads\/2023\/01\/LR-avocats-77-1365x2048.jpeg 1365w, https:\/\/lr-avocats.com\/wp-content\/uploads\/2023\/01\/LR-avocats-77-scaled.jpeg 1706w\" sizes=\"auto, (max-width: 683px) 100vw, 683px\" \/><\/figure>\n<\/div>\n\n\n\n<div class=\"wp-block-column is-layout-flow wp-block-column-is-layout-flow\" style=\"flex-basis:66.66%\">\n<p class=\"has-small-font-size\" style=\"font-style:normal;font-weight:300\">\u2022 Droit p\u00e9nal et proc\u00e9dure p\u00e9nale :<br>Ma\u00eetre LIVENAIS apporte son assistance, \u00e0 tous les stades de la proc\u00e9dure p\u00e9nale, aux victimes comme aux personnes mises en cause <\/p>\n\n\n\n<p class=\"has-small-font-size\" style=\"font-style:normal;font-weight:300\"><br>Assistance des victimes :<br>\u2013 suivi d&rsquo;un d\u00e9p\u00f4t de plainte<br>\u2013 assistance \u00e0 confrontation<br>\u2013 assistance dans le cadre d&rsquo;une instruction<br>\u2013 assistance devant toutes les juridictions de jugement (tribunal de police, tribunal correctionnel, cour d&rsquo;assises)<br>Contact utiles :<br>En compl\u00e9ment de l&rsquo;assistance de votre avocat, vous pouvez trouver aide et \u00e9coute aupr\u00e8s des associations suivantes :<br><a href=\"https:\/\/www.france-victimes49.fr\/\">https:\/\/www.france-victimes49.fr\/<\/a><br><a href=\"https:\/\/www.parlonsdesviolences.fr\/sos-femmes\/\">https:\/\/www.parlonsdesviolences.fr\/sos-femmes\/<\/a><br><a href=\"https:\/\/aavas.fr\/\">https:\/\/aavas.fr\/<\/a><\/p>\n\n\n\n<p class=\"has-small-font-size\" style=\"font-style:normal;font-weight:300\"><br>Assistance des mis en cause :<br>\u2013 phase d&rsquo;enqu\u00eate : garde-\u00e0-vue, audition libre<br>\u2013 instruction correctionnelle et criminelle<br>\u2013 juridictions p\u00e9nales (tribunal de police, tribunal correctionnel, cour d&rsquo;assises) pour les majeurs comme pour les mineurs (tribunal pour enfants, cour d&rsquo;assises pour mineurs)<\/p>\n\n\n\n<p class=\"has-small-font-size\" style=\"font-style:normal;font-weight:300\"><br>\u2022 Droit des mineurs :<br>Ma\u00eetre LIVENAIS intervient \u00e9galement aupr\u00e8s des mineurs, qu&rsquo;ils soient auteurs ou victimes, \u00e0 tous les stades de la proc\u00e9dure p\u00e9nale.<br>Elle apporte \u00e9galement son concours dans le cadre des proc\u00e9dures d&rsquo;assistance \u00e9ducative ; elle peut \u00eatre mandat\u00e9e pour assurer la d\u00e9fense des int\u00e9r\u00eats des parents ou des enfants.<\/p>\n<\/div>\n<\/div>\n\n\n\n<h5 class=\"wp-block-heading\">Domaines d&rsquo;intervention de Me ROULLEAU<\/h5>\n\n\n\n<div class=\"wp-block-columns is-layout-flex wp-container-core-columns-is-layout-9d6595d7 wp-block-columns-is-layout-flex\">\n<div class=\"wp-block-column is-layout-flow wp-block-column-is-layout-flow\" style=\"flex-basis:33.33%\">\n<figure class=\"wp-block-image size-large\"><img loading=\"lazy\" decoding=\"async\" width=\"683\" height=\"1024\" src=\"http:\/\/lr-avocats.com\/wp-content\/uploads\/2023\/01\/LR-avocats-53-683x1024.jpeg\" alt=\"\" class=\"wp-image-315\" srcset=\"https:\/\/lr-avocats.com\/wp-content\/uploads\/2023\/01\/LR-avocats-53-683x1024.jpeg 683w, https:\/\/lr-avocats.com\/wp-content\/uploads\/2023\/01\/LR-avocats-53-200x300.jpeg 200w, https:\/\/lr-avocats.com\/wp-content\/uploads\/2023\/01\/LR-avocats-53-768x1152.jpeg 768w, https:\/\/lr-avocats.com\/wp-content\/uploads\/2023\/01\/LR-avocats-53-1024x1536.jpeg 1024w, https:\/\/lr-avocats.com\/wp-content\/uploads\/2023\/01\/LR-avocats-53-1365x2048.jpeg 1365w, https:\/\/lr-avocats.com\/wp-content\/uploads\/2023\/01\/LR-avocats-53-scaled.jpeg 1707w\" sizes=\"auto, (max-width: 683px) 100vw, 683px\" \/><\/figure>\n<\/div>\n\n\n\n<div class=\"wp-block-column is-layout-flow wp-block-column-is-layout-flow\" style=\"flex-basis:66.66%\">\n<p class=\"has-small-font-size\" style=\"font-style:normal;font-weight:300\">Droit des \u00e9trangers :                                                                                                    Ma\u00eetre ROULLEAU intervient exclusivement en droit des \u00e9trangers ; les modalit\u00e9s d&rsquo;assistance sont multiples :   <\/p>\n\n\n\n<ul class=\"has-small-font-size wp-block-list\" style=\"font-style:normal;font-weight:300\">\n<li>demandeurs d&rsquo;asile<\/li>\n\n\n\n<li>demandeurs de titre de s\u00e9jour<\/li>\n\n\n\n<li>b\u00e9n\u00e9ficiaires \u00e0 la r\u00e9unification familiale ou au regroupement familial<\/li>\n\n\n\n<li>demandeurs de visas d&rsquo;entr\u00e9e sur le territoire national<\/li>\n\n\n\n<li>b\u00e9n\u00e9ficiaires \u00e0 la nationalit\u00e9 fran\u00e7aise<\/li>\n\n\n\n<li>mineurs \u00e9trangers non accompagn\u00e9s<\/li>\n<\/ul>\n<\/div>\n<\/div>\n\n\n\n<h5 class=\"wp-block-heading\">Domaines d&rsquo;intervention de Me BELIN<\/h5>\n\n\n\n<div class=\"wp-block-columns is-layout-flex wp-container-core-columns-is-layout-9d6595d7 wp-block-columns-is-layout-flex\">\n<div class=\"wp-block-column is-layout-flow wp-block-column-is-layout-flow\" style=\"flex-basis:33.33%\">\n<figure class=\"wp-block-image\"><img loading=\"lazy\" decoding=\"async\" width=\"1707\" height=\"2560\" src=\"http:\/\/lr-avocats.com\/wp-content\/uploads\/2023\/01\/LR-avocats-35-1-scaled.jpeg\" alt=\"\" class=\"wp-image-340\" srcset=\"https:\/\/lr-avocats.com\/wp-content\/uploads\/2023\/01\/LR-avocats-35-1-scaled.jpeg 1707w, https:\/\/lr-avocats.com\/wp-content\/uploads\/2023\/01\/LR-avocats-35-1-200x300.jpeg 200w, https:\/\/lr-avocats.com\/wp-content\/uploads\/2023\/01\/LR-avocats-35-1-683x1024.jpeg 683w, https:\/\/lr-avocats.com\/wp-content\/uploads\/2023\/01\/LR-avocats-35-1-768x1152.jpeg 768w, https:\/\/lr-avocats.com\/wp-content\/uploads\/2023\/01\/LR-avocats-35-1-1024x1536.jpeg 1024w, https:\/\/lr-avocats.com\/wp-content\/uploads\/2023\/01\/LR-avocats-35-1-1365x2048.jpeg 1365w\" sizes=\"auto, (max-width: 767px) 89vw, (max-width: 1000px) 54vw, (max-width: 1071px) 543px, 580px\" \/><\/figure>\n<\/div>\n\n\n\n<div class=\"wp-block-column is-layout-flow wp-block-column-is-layout-flow\" style=\"flex-basis:66.66%\">\n<p class=\"has-small-font-size\" style=\"font-style:normal;font-weight:300\">Forte de son exp\u00e9rience en Droit p\u00e9nal, elle intervient \u00e9galement en Droit du dommage corporel.<\/p>\n\n\n\n<p class=\"has-small-font-size\" style=\"font-style:normal;font-weight:300\"><br>Passionn\u00e9e par la mati\u00e8re p\u00e9nale, elle fait preuve d\u2019\u00e9coute, d\u2019humanit\u00e9 et de clart\u00e9.<\/p>\n\n\n\n<p class=\"has-small-font-size\" style=\"font-style:normal;font-weight:300\"><br>Maitre BELIN assure aussi bien la d\u00e9fense des personnes majeures ou mineures poursuivies devant les instances p\u00e9nales, que la d\u00e9fense des int\u00e9r\u00eats de victimes d\u2019infractions ou d\u2019accidents de la vie.<\/p>\n<\/div>\n<\/div>\n","protected":false},"excerpt":{"rendered":"<p>Domaines d&rsquo;intervention de Me LIVENAIS \u2022 Droit p\u00e9nal et proc\u00e9dure p\u00e9nale :Ma\u00eetre LIVENAIS apporte son assistance, \u00e0 tous les stades de la proc\u00e9dure p\u00e9nale, aux victimes comme aux personnes mises en cause Assistance des victimes :\u2013 suivi d&rsquo;un d\u00e9p\u00f4t de plainte\u2013 assistance \u00e0 confrontation\u2013 assistance dans le cadre d&rsquo;une instruction\u2013 assistance devant toutes les juridictions &hellip; <\/p>\n<p class=\"link-more\"><a href=\"https:\/\/lr-avocats.com\/index.php\/domaines-dintervention\/\" class=\"more-link\">Continuer la lecture<span class=\"screen-reader-text\"> de &laquo;&nbsp;Domaines d&rsquo;intervention&nbsp;&raquo;<\/span><\/a><\/p>\n","protected":false},"author":1,"featured_media":331,"parent":0,"menu_order":0,"comment_status":"closed","ping_status":"closed","template":"","meta":{"footnotes":""},"class_list":["post-286","page","type-page","status-publish","has-post-thumbnail","hentry"],"yoast_head":"<!-- This site is optimized with the Yoast SEO plugin v20.3 - https:\/\/yoast.com\/wordpress\/plugins\/seo\/ -->\n<title>Domaines d&#039;intervention<\/title>\n<meta name=\"description\" content=\"Titre de la page\/title&gt;\" \/>\n<meta name=\"robots\" content=\"index, follow, max-snippet:-1, max-image-preview:large, max-video-preview:-1\" \/>\n<link rel=\"canonical\" href=\"http:\/\/lr-avocats.com\/index.php\/domaines-dintervention\/\" \/>\n<meta property=\"og:locale\" content=\"fr_FR\" \/>\n<meta property=\"og:type\" content=\"article\" \/>\n<meta property=\"og:title\" content=\"Domaines d&#039;intervention\" \/>\n<meta property=\"og:description\" content=\"Titre de la page\/title&gt;\" \/>\n<meta property=\"og:url\" content=\"http:\/\/lr-avocats.com\/index.php\/domaines-dintervention\/\" \/>\n<meta property=\"article:modified_time\" content=\"2023-01-30T07:39:45+00:00\" \/>\n<meta property=\"og:image\" content=\"http:\/\/lr-avocats.com\/wp-content\/uploads\/2023\/01\/LR-avocats-5-1-scaled.jpeg\" \/>\n\t<meta property=\"og:image:width\" content=\"2560\" \/>\n\t<meta property=\"og:image:height\" content=\"1706\" \/>\n\t<meta property=\"og:image:type\" content=\"image\/jpeg\" \/>\n<meta name=\"twitter:card\" content=\"summary_large_image\" \/>\n<meta name=\"twitter:site\" content=\"@MLIVENAIS\" \/>\n<meta name=\"twitter:label1\" content=\"Dur\u00e9e de lecture estim\u00e9e\" \/>\n\t<meta name=\"twitter:data1\" content=\"2 minutes\" \/>\n<script type=\"application\/ld+json\" class=\"yoast-schema-graph\">{\"@context\":\"https:\/\/schema.org\",\"@graph\":[{\"@type\":\"WebPage\",\"@id\":\"http:\/\/lr-avocats.com\/index.php\/domaines-dintervention\/\",\"url\":\"http:\/\/lr-avocats.com\/index.php\/domaines-dintervention\/\",\"name\":\"Domaines d'intervention\",\"isPartOf\":{\"@id\":\"https:\/\/lr-avocats.com\/#website\"},\"datePublished\":\"2023-01-26T22:09:48+00:00\",\"dateModified\":\"2023-01-30T07:39:45+00:00\",\"description\":\"Titre de la page\/title>\",\"breadcrumb\":{\"@id\":\"http:\/\/lr-avocats.com\/index.php\/domaines-dintervention\/#breadcrumb\"},\"inLanguage\":\"fr-FR\",\"potentialAction\":[{\"@type\":\"ReadAction\",\"target\":[\"http:\/\/lr-avocats.com\/index.php\/domaines-dintervention\/\"]}]},{\"@type\":\"BreadcrumbList\",\"@id\":\"http:\/\/lr-avocats.com\/index.php\/domaines-dintervention\/#breadcrumb\",\"itemListElement\":[{\"@type\":\"ListItem\",\"position\":1,\"name\":\"Accueil\",\"item\":\"https:\/\/lr-avocats.com\/\"},{\"@type\":\"ListItem\",\"position\":2,\"name\":\"Domaines d&rsquo;intervention\"}]},{\"@type\":\"WebSite\",\"@id\":\"https:\/\/lr-avocats.com\/#website\",\"url\":\"https:\/\/lr-avocats.com\/\",\"name\":\"LR AVOCATS\",\"description\":\"\",\"publisher\":{\"@id\":\"https:\/\/lr-avocats.com\/#organization\"},\"potentialAction\":[{\"@type\":\"SearchAction\",\"target\":{\"@type\":\"EntryPoint\",\"urlTemplate\":\"https:\/\/lr-avocats.com\/?s={search_term_string}\"},\"query-input\":\"required name=search_term_string\"}],\"inLanguage\":\"fr-FR\"},{\"@type\":\"Organization\",\"@id\":\"https:\/\/lr-avocats.com\/#organization\",\"name\":\"LR AVOCATS\",\"url\":\"https:\/\/lr-avocats.com\/\",\"logo\":{\"@type\":\"ImageObject\",\"inLanguage\":\"fr-FR\",\"@id\":\"https:\/\/lr-avocats.com\/#\/schema\/logo\/image\/\",\"url\":\"http:\/\/lr-avocats.com\/wp-content\/uploads\/2022\/11\/cropped-LOGO-CARRE-2.png\",\"contentUrl\":\"http:\/\/lr-avocats.com\/wp-content\/uploads\/2022\/11\/cropped-LOGO-CARRE-2.png\",\"width\":512,\"height\":512,\"caption\":\"LR AVOCATS\"},\"image\":{\"@id\":\"https:\/\/lr-avocats.com\/#\/schema\/logo\/image\/\"},\"sameAs\":[\"https:\/\/twitter.com\/MLIVENAIS\",\"https:\/\/www.linkedin.com\/in\/mathilde-livenais-a01989ba\/?originalSubdomain=fr\"]}]}<\/script>\n<!-- \/ Yoast SEO plugin. -->","yoast_head_json":{"title":"Domaines d'intervention","description":"Titre de la page\/title>","robots":{"index":"index","follow":"follow","max-snippet":"max-snippet:-1","max-image-preview":"max-image-preview:large","max-video-preview":"max-video-preview:-1"},"canonical":"http:\/\/lr-avocats.com\/index.php\/domaines-dintervention\/","og_locale":"fr_FR","og_type":"article","og_title":"Domaines d'intervention","og_description":"Titre de la page\/title>","og_url":"http:\/\/lr-avocats.com\/index.php\/domaines-dintervention\/","article_modified_time":"2023-01-30T07:39:45+00:00","og_image":[{"width":2560,"height":1706,"url":"http:\/\/lr-avocats.com\/wp-content\/uploads\/2023\/01\/LR-avocats-5-1-scaled.jpeg","type":"image\/jpeg"}],"twitter_card":"summary_large_image","twitter_site":"@MLIVENAIS","twitter_misc":{"Dur\u00e9e de lecture estim\u00e9e":"2 minutes"},"schema":{"@context":"https:\/\/schema.org","@graph":[{"@type":"WebPage","@id":"http:\/\/lr-avocats.com\/index.php\/domaines-dintervention\/","url":"http:\/\/lr-avocats.com\/index.php\/domaines-dintervention\/","name":"Domaines d'intervention","isPartOf":{"@id":"https:\/\/lr-avocats.com\/#website"},"datePublished":"2023-01-26T22:09:48+00:00","dateModified":"2023-01-30T07:39:45+00:00","description":"Titre de la page\/title>","breadcrumb":{"@id":"http:\/\/lr-avocats.com\/index.php\/domaines-dintervention\/#breadcrumb"},"inLanguage":"fr-FR","potentialAction":[{"@type":"ReadAction","target":["http:\/\/lr-avocats.com\/index.php\/domaines-dintervention\/"]}]},{"@type":"BreadcrumbList","@id":"http:\/\/lr-avocats.com\/index.php\/domaines-dintervention\/#breadcrumb","itemListElement":[{"@type":"ListItem","position":1,"name":"Accueil","item":"https:\/\/lr-avocats.com\/"},{"@type":"ListItem","position":2,"name":"Domaines d&rsquo;intervention"}]},{"@type":"WebSite","@id":"https:\/\/lr-avocats.com\/#website","url":"https:\/\/lr-avocats.com\/","name":"LR AVOCATS","description":"","publisher":{"@id":"https:\/\/lr-avocats.com\/#organization"},"potentialAction":[{"@type":"SearchAction","target":{"@type":"EntryPoint","urlTemplate":"https:\/\/lr-avocats.com\/?s={search_term_string}"},"query-input":"required name=search_term_string"}],"inLanguage":"fr-FR"},{"@type":"Organization","@id":"https:\/\/lr-avocats.com\/#organization","name":"LR AVOCATS","url":"https:\/\/lr-avocats.com\/","logo":{"@type":"ImageObject","inLanguage":"fr-FR","@id":"https:\/\/lr-avocats.com\/#\/schema\/logo\/image\/","url":"http:\/\/lr-avocats.com\/wp-content\/uploads\/2022\/11\/cropped-LOGO-CARRE-2.png","contentUrl":"http:\/\/lr-avocats.com\/wp-content\/uploads\/2022\/11\/cropped-LOGO-CARRE-2.png","width":512,"height":512,"caption":"LR AVOCATS"},"image":{"@id":"https:\/\/lr-avocats.com\/#\/schema\/logo\/image\/"},"sameAs":["https:\/\/twitter.com\/MLIVENAIS","https:\/\/www.linkedin.com\/in\/mathilde-livenais-a01989ba\/?originalSubdomain=fr"]}]}},"_links":{"self":[{"href":"https:\/\/lr-avocats.com\/index.php\/wp-json\/wp\/v2\/pages\/286","targetHints":{"allow":["GET"]}}],"collection":[{"href":"https:\/\/lr-avocats.com\/index.php\/wp-json\/wp\/v2\/pages"}],"about":[{"href":"https:\/\/lr-avocats.com\/index.php\/wp-json\/wp\/v2\/types\/page"}],"author":[{"embeddable":true,"href":"https:\/\/lr-avocats.com\/index.php\/wp-json\/wp\/v2\/users\/1"}],"replies":[{"embeddable":true,"href":"https:\/\/lr-avocats.com\/index.php\/wp-json\/wp\/v2\/comments?post=286"}],"version-history":[{"count":6,"href":"https:\/\/lr-avocats.com\/index.php\/wp-json\/wp\/v2\/pages\/286\/revisions"}],"predecessor-version":[{"id":386,"href":"https:\/\/lr-avocats.com\/index.php\/wp-json\/wp\/v2\/pages\/286\/revisions\/386"}],"wp:featuredmedia":[{"embeddable":true,"href":"https:\/\/lr-avocats.com\/index.php\/wp-json\/wp\/v2\/media\/331"}],"wp:attachment":[{"href":"https:\/\/lr-avocats.com\/index.php\/wp-json\/wp\/v2\/media?parent=286"}],"curies":[{"name":"wp","href":"https:\/\/api.w.org\/{rel}","templated":true}]}}